{"id":1339,"date":"2012-09-20T14:06:06","date_gmt":"2012-09-20T13:06:06","guid":{"rendered":"https:\/\/www.stratumstrategie.nl\/AA\/slimmefinanciering\/?page_id=1339"},"modified":"2025-07-28T16:08:14","modified_gmt":"2025-07-28T14:08:14","slug":"financiele-denkfouten","status":"publish","type":"page","link":"https:\/\/www.stratumstrategie.nl\/AA\/slimmefinanciering\/dossiers-thematisch\/financiele-denkfouten\/","title":{"rendered":"Financi\u00eble denkfouten"},"content":{"rendered":"\n<h1 class=\"wp-block-heading\">Dossier financi\u00eble denkfouten<\/h1>\n\n\n<div class=\"wp-block-image\">\n<figure class=\"alignright\"><a href=\"https:\/\/www.stratumstrategie.nl\/AA\/slimmefinanciering\/wp-content\/uploads\/2013\/03\/denkfouten-flow5-01.jpg\"><img decoding=\"async\" width=\"300\" height=\"212\" src=\"https:\/\/www.stratumstrategie.nl\/AA\/slimmefinanciering\/wp-content\/uploads\/2013\/03\/denkfouten-flow5-01-300x212.jpg\" alt=\"Denkfouten, projecten\" class=\"wp-image-1924\" srcset=\"https:\/\/www.stratumstrategie.nl\/AA\/slimmefinanciering\/wp-content\/uploads\/2013\/03\/denkfouten-flow5-01-300x212.jpg 300w, https:\/\/www.stratumstrategie.nl\/AA\/slimmefinanciering\/wp-content\/uploads\/2013\/03\/denkfouten-flow5-01-1024x724.jpg 1024w, https:\/\/www.stratumstrategie.nl\/AA\/slimmefinanciering\/wp-content\/uploads\/2013\/03\/denkfouten-flow5-01-250x176.jpg 250w\" sizes=\"(max-width: 300px) 100vw, 300px\" \/><\/a><\/figure>\n<\/div>\n\n\n<p>In het najaar van 2012 zijn we begonnen met een serie over financi\u00eble denkfouten. Basis hiervoor vormt het boek &#8220;de kunst van het heldere denken&#8221; van Rolf Dobelli. In de serie willen we laten zien dat financi\u00eble besluiten niet alleen op rationele gronden genomen worden. Sterker, emoties spelen soms een belangrijkere rol dan argumenten. Door het benoemen van dit soort denkfouten hopen we de lezer te helpen bij het nemen van betere beslissingen. Na afloop van de serie hebben we een infographic gemaakt waarin de meeste denkfouten een plek hebben gekregen. Klik op de afbeelding voor een vergroting. De berichten staan in volgorde van publicatie, de nieuwste berichten staan dus onderaan.<\/p>\n\n\n\n<p><a href=\"https:\/\/www.slimmefinanciering.nl\/financiele-denkfouten-ambitie-2012-2013\">https:\/\/www.slimmefinanciering.nl\/financiele-denkfouten-ambitie-2012-2013<\/a><\/p>\n\n\n\n<p><a href=\"https:\/\/www.slimmefinanciering.nl\/financiele-denkfout-1-survivorship-bias\">https:\/\/www.slimmefinanciering.nl\/financiele-denkfout-1-survivorship-bias<\/a><\/p>\n\n\n\n<p><a href=\"https:\/\/www.slimmefinanciering.nl\/financiele-denkfout-2-het-overconfidence-effect\">https:\/\/www.slimmefinanciering.nl\/financiele-denkfout-2-het-overconfidence-effect<\/a><\/p>\n\n\n\n<p><a href=\"https:\/\/www.slimmefinanciering.nl\/financiele-denkfout-3-social-proof\">https:\/\/www.slimmefinanciering.nl\/financiele-denkfout-3-social-proof<\/a><\/p>\n\n\n\n<p>En zo verder, tik op de zoekbalk voor meer blogs en artikelen over financi\u00eble denkfouten en infographics.<\/p>\n","protected":false},"excerpt":{"rendered":"<p>Dossier financi\u00eble denkfouten In het najaar van 2012 zijn we begonnen met een serie over financi\u00eble denkfouten. Basis hiervoor vormt het boek &#8220;de kunst van het heldere denken&#8221; van Rolf Dobelli. In de serie willen we laten zien dat financi\u00eble besluiten niet alleen op rationele gronden genomen worden. Sterker, emoties spelen soms een belangrijkere rol [&hellip;]<\/p>\n","protected":false},"author":7,"featured_media":0,"parent":2772,"menu_order":0,"comment_status":"open","ping_status":"closed","template":"","meta":{"footnotes":""},"class_list":["post-1339","page","type-page","status-publish","hentry"],"yoast_head":"<!-- This site is optimized with the Yoast SEO plugin v27.3 - https:\/\/yoast.com\/product\/yoast-seo-wordpress\/ -->\n<title>Financi\u00eble denkfouten - Slimme Financiering<\/title>\n<meta name=\"robots\" content=\"index, follow, max-snippet:-1, max-image-preview:large, max-video-preview:-1\" \/>\n<link rel=\"canonical\" href=\"https:\/\/www.stratumstrategie.nl\/AA\/slimmefinanciering\/dossiers-thematisch\/financiele-denkfouten\/\" \/>\n<meta property=\"og:locale\" content=\"nl_NL\" \/>\n<meta property=\"og:type\" content=\"article\" \/>\n<meta property=\"og:title\" content=\"Financi\u00eble denkfouten - Slimme Financiering\" \/>\n<meta property=\"og:description\" content=\"Dossier financi\u00eble denkfouten In het najaar van 2012 zijn we begonnen met een serie over financi\u00eble denkfouten. Basis hiervoor vormt het boek &#8220;de kunst van het heldere denken&#8221; van Rolf Dobelli. In de serie willen we laten zien dat financi\u00eble besluiten niet alleen op rationele gronden genomen worden. Sterker, emoties spelen soms een belangrijkere rol [&hellip;]\" \/>\n<meta property=\"og:url\" content=\"https:\/\/www.stratumstrategie.nl\/AA\/slimmefinanciering\/dossiers-thematisch\/financiele-denkfouten\/\" \/>\n<meta property=\"og:site_name\" content=\"Slimme Financiering\" \/>\n<meta property=\"article:modified_time\" content=\"2025-07-28T14:08:14+00:00\" \/>\n<meta property=\"og:image\" content=\"https:\/\/www.stratumstrategie.nl\/AA\/slimmefinanciering\/wp-content\/uploads\/2013\/03\/denkfouten-flow5-01-300x212.jpg\" \/>\n<meta name=\"twitter:card\" content=\"summary_large_image\" \/>\n<meta name=\"twitter:label1\" content=\"Geschatte leestijd\" \/>\n\t<meta name=\"twitter:data1\" content=\"1 minuut\" \/>\n<script type=\"application\/ld+json\" class=\"yoast-schema-graph\">{\"@context\":\"https:\\\/\\\/schema.org\",\"@graph\":[{\"@type\":\"WebPage\",\"@id\":\"https:\\\/\\\/www.stratumstrategie.nl\\\/AA\\\/slimmefinanciering\\\/dossiers-thematisch\\\/financiele-denkfouten\\\/\",\"url\":\"https:\\\/\\\/www.stratumstrategie.nl\\\/AA\\\/slimmefinanciering\\\/dossiers-thematisch\\\/financiele-denkfouten\\\/\",\"name\":\"Financi\u00eble denkfouten - Slimme Financiering\",\"isPartOf\":{\"@id\":\"https:\\\/\\\/www.stratumstrategie.nl\\\/AA\\\/slimmefinanciering\\\/#website\"},\"primaryImageOfPage\":{\"@id\":\"https:\\\/\\\/www.stratumstrategie.nl\\\/AA\\\/slimmefinanciering\\\/dossiers-thematisch\\\/financiele-denkfouten\\\/#primaryimage\"},\"image\":{\"@id\":\"https:\\\/\\\/www.stratumstrategie.nl\\\/AA\\\/slimmefinanciering\\\/dossiers-thematisch\\\/financiele-denkfouten\\\/#primaryimage\"},\"thumbnailUrl\":\"https:\\\/\\\/www.stratumstrategie.nl\\\/AA\\\/slimmefinanciering\\\/wp-content\\\/uploads\\\/2013\\\/03\\\/denkfouten-flow5-01-300x212.jpg\",\"datePublished\":\"2012-09-20T13:06:06+00:00\",\"dateModified\":\"2025-07-28T14:08:14+00:00\",\"breadcrumb\":{\"@id\":\"https:\\\/\\\/www.stratumstrategie.nl\\\/AA\\\/slimmefinanciering\\\/dossiers-thematisch\\\/financiele-denkfouten\\\/#breadcrumb\"},\"inLanguage\":\"nl-NL\",\"potentialAction\":[{\"@type\":\"ReadAction\",\"target\":[\"https:\\\/\\\/www.stratumstrategie.nl\\\/AA\\\/slimmefinanciering\\\/dossiers-thematisch\\\/financiele-denkfouten\\\/\"]}]},{\"@type\":\"ImageObject\",\"inLanguage\":\"nl-NL\",\"@id\":\"https:\\\/\\\/www.stratumstrategie.nl\\\/AA\\\/slimmefinanciering\\\/dossiers-thematisch\\\/financiele-denkfouten\\\/#primaryimage\",\"url\":\"https:\\\/\\\/www.stratumstrategie.nl\\\/AA\\\/slimmefinanciering\\\/wp-content\\\/uploads\\\/2013\\\/03\\\/denkfouten-flow5-01.jpg\",\"contentUrl\":\"https:\\\/\\\/www.stratumstrategie.nl\\\/AA\\\/slimmefinanciering\\\/wp-content\\\/uploads\\\/2013\\\/03\\\/denkfouten-flow5-01.jpg\",\"width\":2480,\"height\":1754,\"caption\":\"Denkfouten, projecten\"},{\"@type\":\"BreadcrumbList\",\"@id\":\"https:\\\/\\\/www.stratumstrategie.nl\\\/AA\\\/slimmefinanciering\\\/dossiers-thematisch\\\/financiele-denkfouten\\\/#breadcrumb\",\"itemListElement\":[{\"@type\":\"ListItem\",\"position\":1,\"name\":\"Home\",\"item\":\"https:\\\/\\\/www.stratumstrategie.nl\\\/AA\\\/slimmefinanciering\\\/\"},{\"@type\":\"ListItem\",\"position\":2,\"name\":\"Dossiers thematisch\",\"item\":\"https:\\\/\\\/www.stratumstrategie.nl\\\/AA\\\/slimmefinanciering\\\/dossiers-thematisch\\\/\"},{\"@type\":\"ListItem\",\"position\":3,\"name\":\"Financi\u00eble denkfouten\"}]},{\"@type\":\"WebSite\",\"@id\":\"https:\\\/\\\/www.stratumstrategie.nl\\\/AA\\\/slimmefinanciering\\\/#website\",\"url\":\"https:\\\/\\\/www.stratumstrategie.nl\\\/AA\\\/slimmefinanciering\\\/\",\"name\":\"Slimme Financiering\",\"description\":\"rendement anders bekeken\",\"publisher\":{\"@id\":\"https:\\\/\\\/www.stratumstrategie.nl\\\/AA\\\/slimmefinanciering\\\/#\\\/schema\\\/person\\\/bc3a6a3ea03338d06ec749c0b13a88bd\"},\"potentialAction\":[{\"@type\":\"SearchAction\",\"target\":{\"@type\":\"EntryPoint\",\"urlTemplate\":\"https:\\\/\\\/www.stratumstrategie.nl\\\/AA\\\/slimmefinanciering\\\/?s={search_term_string}\"},\"query-input\":{\"@type\":\"PropertyValueSpecification\",\"valueRequired\":true,\"valueName\":\"search_term_string\"}}],\"inLanguage\":\"nl-NL\"},{\"@type\":[\"Person\",\"Organization\"],\"@id\":\"https:\\\/\\\/www.stratumstrategie.nl\\\/AA\\\/slimmefinanciering\\\/#\\\/schema\\\/person\\\/bc3a6a3ea03338d06ec749c0b13a88bd\",\"name\":\"rudy\",\"image\":{\"@type\":\"ImageObject\",\"inLanguage\":\"nl-NL\",\"@id\":\"https:\\\/\\\/www.stratumstrategie.nl\\\/AA\\\/slimmefinanciering\\\/wp-content\\\/uploads\\\/2016\\\/02\\\/cropped-logo-slimfin-juni-2013-03.jpg\",\"url\":\"https:\\\/\\\/www.stratumstrategie.nl\\\/AA\\\/slimmefinanciering\\\/wp-content\\\/uploads\\\/2016\\\/02\\\/cropped-logo-slimfin-juni-2013-03.jpg\",\"contentUrl\":\"https:\\\/\\\/www.stratumstrategie.nl\\\/AA\\\/slimmefinanciering\\\/wp-content\\\/uploads\\\/2016\\\/02\\\/cropped-logo-slimfin-juni-2013-03.jpg\",\"width\":512,\"height\":512,\"caption\":\"rudy\"},\"logo\":{\"@id\":\"https:\\\/\\\/www.stratumstrategie.nl\\\/AA\\\/slimmefinanciering\\\/wp-content\\\/uploads\\\/2016\\\/02\\\/cropped-logo-slimfin-juni-2013-03.jpg\"},\"sameAs\":[\"https:\\\/\\\/www.stratumstrategie.nl\\\/AA\\\/slimmefinanciering\"]}]}<\/script>\n<!-- \/ Yoast SEO plugin. -->","yoast_head_json":{"title":"Financi\u00eble denkfouten - Slimme Financiering","robots":{"index":"index","follow":"follow","max-snippet":"max-snippet:-1","max-image-preview":"max-image-preview:large","max-video-preview":"max-video-preview:-1"},"canonical":"https:\/\/www.stratumstrategie.nl\/AA\/slimmefinanciering\/dossiers-thematisch\/financiele-denkfouten\/","og_locale":"nl_NL","og_type":"article","og_title":"Financi\u00eble denkfouten - Slimme Financiering","og_description":"Dossier financi\u00eble denkfouten In het najaar van 2012 zijn we begonnen met een serie over financi\u00eble denkfouten. Basis hiervoor vormt het boek &#8220;de kunst van het heldere denken&#8221; van Rolf Dobelli. In de serie willen we laten zien dat financi\u00eble besluiten niet alleen op rationele gronden genomen worden. Sterker, emoties spelen soms een belangrijkere rol [&hellip;]","og_url":"https:\/\/www.stratumstrategie.nl\/AA\/slimmefinanciering\/dossiers-thematisch\/financiele-denkfouten\/","og_site_name":"Slimme Financiering","article_modified_time":"2025-07-28T14:08:14+00:00","og_image":[{"url":"https:\/\/www.stratumstrategie.nl\/AA\/slimmefinanciering\/wp-content\/uploads\/2013\/03\/denkfouten-flow5-01-300x212.jpg","type":"","width":"","height":""}],"twitter_card":"summary_large_image","twitter_misc":{"Geschatte leestijd":"1 minuut"},"schema":{"@context":"https:\/\/schema.org","@graph":[{"@type":"WebPage","@id":"https:\/\/www.stratumstrategie.nl\/AA\/slimmefinanciering\/dossiers-thematisch\/financiele-denkfouten\/","url":"https:\/\/www.stratumstrategie.nl\/AA\/slimmefinanciering\/dossiers-thematisch\/financiele-denkfouten\/","name":"Financi\u00eble denkfouten - Slimme Financiering","isPartOf":{"@id":"https:\/\/www.stratumstrategie.nl\/AA\/slimmefinanciering\/#website"},"primaryImageOfPage":{"@id":"https:\/\/www.stratumstrategie.nl\/AA\/slimmefinanciering\/dossiers-thematisch\/financiele-denkfouten\/#primaryimage"},"image":{"@id":"https:\/\/www.stratumstrategie.nl\/AA\/slimmefinanciering\/dossiers-thematisch\/financiele-denkfouten\/#primaryimage"},"thumbnailUrl":"https:\/\/www.stratumstrategie.nl\/AA\/slimmefinanciering\/wp-content\/uploads\/2013\/03\/denkfouten-flow5-01-300x212.jpg","datePublished":"2012-09-20T13:06:06+00:00","dateModified":"2025-07-28T14:08:14+00:00","breadcrumb":{"@id":"https:\/\/www.stratumstrategie.nl\/AA\/slimmefinanciering\/dossiers-thematisch\/financiele-denkfouten\/#breadcrumb"},"inLanguage":"nl-NL","potentialAction":[{"@type":"ReadAction","target":["https:\/\/www.stratumstrategie.nl\/AA\/slimmefinanciering\/dossiers-thematisch\/financiele-denkfouten\/"]}]},{"@type":"ImageObject","inLanguage":"nl-NL","@id":"https:\/\/www.stratumstrategie.nl\/AA\/slimmefinanciering\/dossiers-thematisch\/financiele-denkfouten\/#primaryimage","url":"https:\/\/www.stratumstrategie.nl\/AA\/slimmefinanciering\/wp-content\/uploads\/2013\/03\/denkfouten-flow5-01.jpg","contentUrl":"https:\/\/www.stratumstrategie.nl\/AA\/slimmefinanciering\/wp-content\/uploads\/2013\/03\/denkfouten-flow5-01.jpg","width":2480,"height":1754,"caption":"Denkfouten, projecten"},{"@type":"BreadcrumbList","@id":"https:\/\/www.stratumstrategie.nl\/AA\/slimmefinanciering\/dossiers-thematisch\/financiele-denkfouten\/#breadcrumb","itemListElement":[{"@type":"ListItem","position":1,"name":"Home","item":"https:\/\/www.stratumstrategie.nl\/AA\/slimmefinanciering\/"},{"@type":"ListItem","position":2,"name":"Dossiers thematisch","item":"https:\/\/www.stratumstrategie.nl\/AA\/slimmefinanciering\/dossiers-thematisch\/"},{"@type":"ListItem","position":3,"name":"Financi\u00eble denkfouten"}]},{"@type":"WebSite","@id":"https:\/\/www.stratumstrategie.nl\/AA\/slimmefinanciering\/#website","url":"https:\/\/www.stratumstrategie.nl\/AA\/slimmefinanciering\/","name":"Slimme Financiering","description":"rendement anders bekeken","publisher":{"@id":"https:\/\/www.stratumstrategie.nl\/AA\/slimmefinanciering\/#\/schema\/person\/bc3a6a3ea03338d06ec749c0b13a88bd"},"potentialAction":[{"@type":"SearchAction","target":{"@type":"EntryPoint","urlTemplate":"https:\/\/www.stratumstrategie.nl\/AA\/slimmefinanciering\/?s={search_term_string}"},"query-input":{"@type":"PropertyValueSpecification","valueRequired":true,"valueName":"search_term_string"}}],"inLanguage":"nl-NL"},{"@type":["Person","Organization"],"@id":"https:\/\/www.stratumstrategie.nl\/AA\/slimmefinanciering\/#\/schema\/person\/bc3a6a3ea03338d06ec749c0b13a88bd","name":"rudy","image":{"@type":"ImageObject","inLanguage":"nl-NL","@id":"https:\/\/www.stratumstrategie.nl\/AA\/slimmefinanciering\/wp-content\/uploads\/2016\/02\/cropped-logo-slimfin-juni-2013-03.jpg","url":"https:\/\/www.stratumstrategie.nl\/AA\/slimmefinanciering\/wp-content\/uploads\/2016\/02\/cropped-logo-slimfin-juni-2013-03.jpg","contentUrl":"https:\/\/www.stratumstrategie.nl\/AA\/slimmefinanciering\/wp-content\/uploads\/2016\/02\/cropped-logo-slimfin-juni-2013-03.jpg","width":512,"height":512,"caption":"rudy"},"logo":{"@id":"https:\/\/www.stratumstrategie.nl\/AA\/slimmefinanciering\/wp-content\/uploads\/2016\/02\/cropped-logo-slimfin-juni-2013-03.jpg"},"sameAs":["https:\/\/www.stratumstrategie.nl\/AA\/slimmefinanciering"]}]}},"_links":{"self":[{"href":"https:\/\/www.stratumstrategie.nl\/AA\/slimmefinanciering\/wp-json\/wp\/v2\/pages\/1339","targetHints":{"allow":["GET"]}}],"collection":[{"href":"https:\/\/www.stratumstrategie.nl\/AA\/slimmefinanciering\/wp-json\/wp\/v2\/pages"}],"about":[{"href":"https:\/\/www.stratumstrategie.nl\/AA\/slimmefinanciering\/wp-json\/wp\/v2\/types\/page"}],"author":[{"embeddable":true,"href":"https:\/\/www.stratumstrategie.nl\/AA\/slimmefinanciering\/wp-json\/wp\/v2\/users\/7"}],"replies":[{"embeddable":true,"href":"https:\/\/www.stratumstrategie.nl\/AA\/slimmefinanciering\/wp-json\/wp\/v2\/comments?post=1339"}],"version-history":[{"count":1,"href":"https:\/\/www.stratumstrategie.nl\/AA\/slimmefinanciering\/wp-json\/wp\/v2\/pages\/1339\/revisions"}],"predecessor-version":[{"id":6318,"href":"https:\/\/www.stratumstrategie.nl\/AA\/slimmefinanciering\/wp-json\/wp\/v2\/pages\/1339\/revisions\/6318"}],"up":[{"embeddable":true,"href":"https:\/\/www.stratumstrategie.nl\/AA\/slimmefinanciering\/wp-json\/wp\/v2\/pages\/2772"}],"wp:attachment":[{"href":"https:\/\/www.stratumstrategie.nl\/AA\/slimmefinanciering\/wp-json\/wp\/v2\/media?parent=1339"}],"curies":[{"name":"wp","href":"https:\/\/api.w.org\/{rel}","templated":true}]}}